{"id":72,"date":"2023-02-04T10:53:14","date_gmt":"2023-02-04T10:53:14","guid":{"rendered":"https:\/\/hotelnizza.com\/?page_id=72"},"modified":"2024-08-29T18:14:13","modified_gmt":"2024-08-29T18:14:13","slug":"%e5%8e%86%e5%8f%b2-2","status":"publish","type":"page","link":"https:\/\/hotelnizza.com\/zh\/la-storia\/","title":{"rendered":"\u5386\u53f2"},"content":{"rendered":"\t\t<div data-elementor-type=\"wp-page\" data-elementor-id=\"72\" class=\"elementor elementor-72\" data-elementor-post-type=\"page\">\n\t\t\t\t\t\t<section class=\"elementor-section elementor-top-section elementor-element elementor-element-4f4beb8 elementor-section-height-min-height elementor-section-boxed elementor-section-height-default elementor-section-items-middle\" data-id=\"4f4beb8\" data-element_type=\"section\" data-e-type=\"section\" data-settings=\"{&quot;background_background&quot;:&quot;slideshow&quot;,&quot;background_slideshow_gallery&quot;:[{&quot;id&quot;:781,&quot;url&quot;:&quot;https:\\\/\\\/hotelnizza.com\\\/wp-content\\\/uploads\\\/2024\\\/08\\\/IMG_4057.jpg&quot;}],&quot;background_slideshow_transition_duration&quot;:2000,&quot;background_slideshow_ken_burns&quot;:&quot;yes&quot;,&quot;background_slideshow_loop&quot;:&quot;yes&quot;,&quot;background_slideshow_slide_duration&quot;:5000,&quot;background_slideshow_slide_transition&quot;:&quot;fade&quot;,&quot;background_slideshow_ken_burns_zoom_direction&quot;:&quot;in&quot;}\">\n\t\t\t\t\t\t\t<div class=\"elementor-background-overlay\"><\/div>\n\t\t\t\t\t\t\t<div class=\"elementor-container elementor-column-gap-default\">\n\t\t\t\t\t<div class=\"elementor-column elementor-col-100 elementor-top-column elementor-element elementor-element-42074a7\" data-id=\"42074a7\" data-element_type=\"column\" data-e-type=\"column\">\n\t\t\t<div class=\"elementor-widget-wrap elementor-element-populated\">\n\t\t\t\t\t\t<div class=\"elementor-element elementor-element-449d109 elementor-invisible elementor-widget elementor-widget-heading\" data-id=\"449d109\" data-element_type=\"widget\" data-e-type=\"widget\" data-settings=\"{&quot;_animation&quot;:&quot;fadeInUp&quot;}\" data-widget_type=\"heading.default\">\n\t\t\t\t<div class=\"elementor-widget-container\">\n\t\t\t\t\t<h1 class=\"elementor-heading-title elementor-size-default\">L'Hotel Nizza, Una Storia Fiorentina Lunga quasi 700 Anni<\/h1>\t\t\t\t<\/div>\n\t\t\t\t<\/div>\n\t\t\t\t<div class=\"elementor-element elementor-element-649f6b7 elementor-widget-divider--view-line elementor-invisible elementor-widget elementor-widget-divider\" data-id=\"649f6b7\" data-element_type=\"widget\" data-e-type=\"widget\" data-settings=\"{&quot;_animation&quot;:&quot;fadeInUp&quot;}\" data-widget_type=\"divider.default\">\n\t\t\t\t<div class=\"elementor-widget-container\">\n\t\t\t\t\t\t\t<div class=\"elementor-divider\">\n\t\t\t<span class=\"elementor-divider-separator\">\n\t\t\t\t\t\t<\/span>\n\t\t<\/div>\n\t\t\t\t\t\t<\/div>\n\t\t\t\t<\/div>\n\t\t\t\t\t<\/div>\n\t\t<\/div>\n\t\t\t\t\t<\/div>\n\t\t<\/section>\n\t\t\t\t<section class=\"elementor-section elementor-top-section elementor-element elementor-element-9ba8ad9 elementor-section-boxed elementor-section-height-default elementor-section-height-default\" data-id=\"9ba8ad9\" data-element_type=\"section\" data-e-type=\"section\">\n\t\t\t\t\t\t<div class=\"elementor-container elementor-column-gap-default\">\n\t\t\t\t\t<div class=\"elementor-column elementor-col-50 elementor-top-column elementor-element elementor-element-06de35a\" data-id=\"06de35a\" data-element_type=\"column\" data-e-type=\"column\">\n\t\t\t<div class=\"elementor-widget-wrap elementor-element-populated\">\n\t\t\t\t\t\t<div class=\"elementor-element elementor-element-613dcc7 elementor-widget elementor-widget-image\" data-id=\"613dcc7\" data-element_type=\"widget\" data-e-type=\"widget\" data-settings=\"{&quot;sticky&quot;:&quot;top&quot;,&quot;sticky_offset&quot;:120,&quot;sticky_parent&quot;:&quot;yes&quot;,&quot;sticky_on&quot;:[&quot;desktop&quot;,&quot;tablet&quot;,&quot;mobile&quot;],&quot;sticky_effects_offset&quot;:0,&quot;sticky_anchor_link_offset&quot;:0}\" data-widget_type=\"image.default\">\n\t\t\t\t<div class=\"elementor-widget-container\">\n\t\t\t\t\t\t\t\t\t\t\t\t\t\t\t<img fetchpriority=\"high\" decoding=\"async\" width=\"1920\" height=\"2560\" src=\"https:\/\/hotelnizza.com\/wp-content\/uploads\/2024\/05\/IMG_4062-scaled.jpg\" class=\"attachment-full size-full wp-image-262\" alt=\"\" srcset=\"https:\/\/hotelnizza.com\/wp-content\/uploads\/2024\/05\/IMG_4062-scaled.jpg 1920w, https:\/\/hotelnizza.com\/wp-content\/uploads\/2024\/05\/IMG_4062-225x300.jpg 225w, https:\/\/hotelnizza.com\/wp-content\/uploads\/2024\/05\/IMG_4062-768x1024.jpg 768w, https:\/\/hotelnizza.com\/wp-content\/uploads\/2024\/05\/IMG_4062-1152x1536.jpg 1152w, https:\/\/hotelnizza.com\/wp-content\/uploads\/2024\/05\/IMG_4062-1536x2048.jpg 1536w\" sizes=\"(max-width: 1920px) 100vw, 1920px\" \/>\t\t\t\t\t\t\t\t\t\t\t\t\t\t\t<\/div>\n\t\t\t\t<\/div>\n\t\t\t\t\t<\/div>\n\t\t<\/div>\n\t\t\t\t<div class=\"elementor-column elementor-col-50 elementor-top-column elementor-element elementor-element-66ede81\" data-id=\"66ede81\" data-element_type=\"column\" data-e-type=\"column\">\n\t\t\t<div class=\"elementor-widget-wrap elementor-element-populated\">\n\t\t\t\t\t\t<div class=\"elementor-element elementor-element-4ededb6 elementor-invisible elementor-widget elementor-widget-text-editor\" data-id=\"4ededb6\" data-element_type=\"widget\" data-e-type=\"widget\" data-settings=\"{&quot;_animation&quot;:&quot;fadeInRight&quot;,&quot;_animation_mobile&quot;:&quot;none&quot;}\" data-widget_type=\"text-editor.default\">\n\t\t\t\t<div class=\"elementor-widget-container\">\n\t\t\t\t\t\t\t\t\t<p>L&#8217;<strong>Hotel Nizza<\/strong>&nbsp;\u00e8 tra i pochissimi&nbsp;<strong>Hotel di Firenze<\/strong>&nbsp;iscritti all&#8217;albo&nbsp;<strong>Esercizi Storici Fiorentini<\/strong>, istituito dal Comune di Firenze come riconoscimento per quelle attivit\u00e0 svolte da pi\u00f9 di 70 anni in luoghi della citt\u00e0 di particolare pregio e valore storico.<\/p>\n<p>Il&nbsp;<strong>palazzo<\/strong>&nbsp;che ospita l&#8217;<strong>Hotel Nizza di Firenze<\/strong>&nbsp;esiste da quasi 700 anni.<\/p>\n<p>L&#8217;albergo \u00e8 situato infatti dove un tempo si trovavano le prime mura comunali della citt\u00e0, erette tra il 1173 ed il 1175. Nel 1284 il Comune decise di ampliare la cerchia muraria esistente, realizzandone una molto pi\u00f9 grande che includesse i nuovi borghi sorti al di fuori di quella precedente. I lavori terminarono nel 1333 e l&#8217;abbattimento delle vecchie mura diede spazio ad una nuova urbanizzazione che mise alla luce &#8211; grazie ai materiali di risulta &#8211; anche il palazzo che oggi ospita l&#8217;albergo. Ricerche approfondite sono ancora in corso ma certamente nel 1800 erano ospitati nell&#8217;edificio alcuni monaci tra cui il celebre Bernardino Bambi, la cui permanenza all&#8217;interno dell&#8217;edificio \u00e8 testimoniata da una targa di marmo, conservata nell&#8217;attuale sala colazioni.<\/p>\n<p>Si presume quindi che l&#8217;ospitalit\u00e0 fosse gi\u00e0 la funzione primaria del palazzo fin dalla sua costruzione, poich\u00e9 tutti i terreni oltre la cerchia muraria confinante, erano probabilmente di propriet\u00e0 della Chiesa di Santa Maria Novella. La struttura vede poi il suo concepimento come albergo in senso moderno nel 1911, riconfermato poi da un documento della Camera di Commercio nel 1924 rinvenuto recentemente tra le carte antiche in una soffitta.<br>L&#8217;<strong>Hotel Nizza si \u00e8 rinnovato completamente negli anni<\/strong>, pur conservando&nbsp;<strong>dettagli e carattere originali<\/strong>. Con l&#8217;ultima ristrutturazione eseguita nell&#8217;inverno del 2001 utilizzando&nbsp;<strong>materiali locali come il cotto, legno, marmi e pietra serena,<\/strong>&nbsp;sono state rinnovate totalmente le 18 camere: adesso tutte sono dotate di bagno privato, aria condizionata, televisione satellitare, asciugacapelli, telefono diretto, cassetta di sicurezza.<\/p>\n<p>L&#8217;arredamento e la struttura godono di una continua ed attenta manutenzione rispettosa dei dettagli, nella coscienza che l&#8217;Albergo Nizza nella sua categoria \u00e8 davvero un piccolo gioiello.<\/p>\n<p>Oggi Roberto e Michele (ultimo discendente diretto di quel Jacopo Lassi che nel 1297 era ambasciatore di pace tra pisani e lucchesi nel nefasto periodo delle guerre tra comuni) le rispettive famiglie ed il loro staff cercano, sempre in armonia con la storia e le origini del palazzo, di portare avanti una tradizione cos\u00ec antica come l&#8217;ospitalit\u00e0. L&#8217;hotel Nizza ha l&#8217;orgoglio di essere una delle poche attivit\u00e0 fiorentine doc ancora a gestione familiare che ha conservato la sua identit\u00e0 strettamente legata alla citt\u00e0, nel rispetto di quella tradizione locale di accoglienza che i proprietari si tramandano con la gestione dell&#8217;albergo da molte generazioni.<\/p>\t\t\t\t\t\t\t\t<\/div>\n\t\t\t\t<\/div>\n\t\t\t\t\t<\/div>\n\t\t<\/div>\n\t\t\t\t\t<\/div>\n\t\t<\/section>\n\t\t\t\t<\/div>\n\t\t","protected":false},"excerpt":{"rendered":"<p>L&#8217;Hotel Nizza, Una Storia Fiorentina Lunga quasi 700 Anni L&#8217;Hotel Nizza&nbsp;\u00e8 tra i pochissimi&nbsp;Hotel di Firenze&nbsp;iscritti all&#8217;albo&nbsp;Esercizi Storici Fiorentini, istituito dal Comune di Firenze come riconoscimento per quelle attivit\u00e0 svolte da pi\u00f9 di 70 anni in luoghi della citt\u00e0 di particolare pregio e valore storico. Il&nbsp;palazzo&nbsp;che ospita l&#8217;Hotel Nizza di Firenze&nbsp;esiste da quasi 700 anni. [&hellip;]<\/p>\n","protected":false},"author":1,"featured_media":0,"parent":0,"menu_order":0,"comment_status":"closed","ping_status":"closed","template":"","meta":{"_seopress_robots_primary_cat":"","_seopress_titles_title":"La Storia dell'Hotel Nizza - Tradizione Fiorentina","_seopress_titles_desc":"Scopri la storia dell'Hotel Nizza, un edificio storico a Firenze con quasi 600 anni di tradizione. Accoglienza e charme nel cuore della citt\u00e0.","_seopress_robots_index":"","footnotes":""},"class_list":["post-72","page","type-page","status-publish","hentry"],"_links":{"self":[{"href":"https:\/\/hotelnizza.com\/zh\/wp-json\/wp\/v2\/pages\/72","targetHints":{"allow":["GET"]}}],"collection":[{"href":"https:\/\/hotelnizza.com\/zh\/wp-json\/wp\/v2\/pages"}],"about":[{"href":"https:\/\/hotelnizza.com\/zh\/wp-json\/wp\/v2\/types\/page"}],"author":[{"embeddable":true,"href":"https:\/\/hotelnizza.com\/zh\/wp-json\/wp\/v2\/users\/1"}],"replies":[{"embeddable":true,"href":"https:\/\/hotelnizza.com\/zh\/wp-json\/wp\/v2\/comments?post=72"}],"version-history":[{"count":5,"href":"https:\/\/hotelnizza.com\/zh\/wp-json\/wp\/v2\/pages\/72\/revisions"}],"predecessor-version":[{"id":798,"href":"https:\/\/hotelnizza.com\/zh\/wp-json\/wp\/v2\/pages\/72\/revisions\/798"}],"wp:attachment":[{"href":"https:\/\/hotelnizza.com\/zh\/wp-json\/wp\/v2\/media?parent=72"}],"curies":[{"name":"wp","href":"https:\/\/api.w.org\/{rel}","templated":true}]}}