{"id":238,"date":"2023-02-14T17:16:47","date_gmt":"2023-02-14T17:16:47","guid":{"rendered":"https:\/\/hotelnizza.com\/?page_id=238"},"modified":"2024-08-28T20:48:14","modified_gmt":"2024-08-28T20:48:14","slug":"pet-friendly-hotel-florence-centre","status":"publish","type":"page","link":"https:\/\/hotelnizza.com\/fr\/hotel-pet-friendly-firenze-centro\/","title":{"rendered":"H\u00f4tels pour animaux de compagnie Florence Centre"},"content":{"rendered":"<div data-elementor-type=\"wp-page\" data-elementor-id=\"238\" class=\"elementor elementor-238\" data-elementor-post-type=\"page\">\n\t\t\t\t\t\t<section class=\"elementor-section elementor-top-section elementor-element elementor-element-1b27689 elementor-section-height-min-height elementor-section-boxed elementor-section-height-default elementor-section-items-middle\" data-id=\"1b27689\" data-element_type=\"section\" data-e-type=\"section\" data-settings=\"{&quot;background_background&quot;:&quot;classic&quot;}\">\n\t\t\t\t\t\t\t<div class=\"elementor-background-overlay\"><\/div>\n\t\t\t\t\t\t\t<div class=\"elementor-container elementor-column-gap-default\">\n\t\t\t\t\t<div class=\"elementor-column elementor-col-100 elementor-top-column elementor-element elementor-element-f1aa73d\" data-id=\"f1aa73d\" data-element_type=\"column\" data-e-type=\"column\">\n\t\t\t<div class=\"elementor-widget-wrap elementor-element-populated\">\n\t\t\t\t\t\t<div class=\"elementor-element elementor-element-add0f88 elementor-invisible elementor-widget elementor-widget-heading\" data-id=\"add0f88\" data-element_type=\"widget\" data-e-type=\"widget\" data-settings=\"{&quot;_animation&quot;:&quot;fadeInUp&quot;}\" data-widget_type=\"heading.default\">\n\t\t\t\t<div class=\"elementor-widget-container\">\n\t\t\t\t\t<h1 class=\"elementor-heading-title elementor-size-default\">H\u00f4tels pour animaux de compagnie Florence Centre<\/h1>\t\t\t\t<\/div>\n\t\t\t\t<\/div>\n\t\t\t\t<div class=\"elementor-element elementor-element-f29be55 elementor-widget-divider--view-line elementor-invisible elementor-widget elementor-widget-divider\" data-id=\"f29be55\" data-element_type=\"widget\" data-e-type=\"widget\" data-settings=\"{&quot;_animation&quot;:&quot;fadeInUp&quot;}\" data-widget_type=\"divider.default\">\n\t\t\t\t<div class=\"elementor-widget-container\">\n\t\t\t\t\t\t\t<div class=\"elementor-divider\">\n\t\t\t<span class=\"elementor-divider-separator\">\n\t\t\t\t\t\t<\/span>\n\t\t<\/div>\n\t\t\t\t\t\t<\/div>\n\t\t\t\t<\/div>\n\t\t\t\t\t<\/div>\n\t\t<\/div>\n\t\t\t\t\t<\/div>\n\t\t<\/section>\n\t\t\t\t<section class=\"elementor-section elementor-top-section elementor-element elementor-element-605502a elementor-section-boxed elementor-section-height-default elementor-section-height-default\" data-id=\"605502a\" data-element_type=\"section\" data-e-type=\"section\">\n\t\t\t\t\t\t<div class=\"elementor-container elementor-column-gap-default\">\n\t\t\t\t\t<div class=\"elementor-column elementor-col-100 elementor-top-column elementor-element elementor-element-fdc2753\" data-id=\"fdc2753\" data-element_type=\"column\" data-e-type=\"column\">\n\t\t\t<div class=\"elementor-widget-wrap elementor-element-populated\">\n\t\t\t\t\t\t<div class=\"elementor-element elementor-element-56ea00e elementor-drop-cap-yes elementor-drop-cap-view-default elementor-invisible elementor-widget elementor-widget-text-editor\" data-id=\"56ea00e\" data-element_type=\"widget\" data-e-type=\"widget\" data-settings=\"{&quot;_animation&quot;:&quot;fadeInRight&quot;,&quot;_animation_mobile&quot;:&quot;none&quot;,&quot;drop_cap&quot;:&quot;yes&quot;}\" data-widget_type=\"text-editor.default\">\n\t\t\t\t<div class=\"elementor-widget-container\">\n\t\t\t\t\t\t\t\t\t<section id=\"block-system-main\" class=\"block block-system clearfix\"><div class=\"block-content\"><article id=\"node-29\" class=\"node node-page clearfix\"><div class=\"field field-name-body field-type-text-with-summary field-label-hidden\"><div class=\"field-items\"><div class=\"field-item even\"><div class=\"content-row content-custom-hotelnizza\"><div class=\"content-col-1\"><p><strong>H\u00f4tels \u00e0 Nice<\/strong>,\u00a0<strong>h\u00f4tel historique \u00e0 deux pas de la cath\u00e9drale<\/strong>est un\u00a0<strong>h\u00f4tel pour animaux de compagnie\u00a0<\/strong>petites et moyennes entreprises\u00a0<strong>dans le centre de Florence<\/strong>. Proche de tous les\u00a0<strong>Les principales attractions de Florence<\/strong>, pratique pour les\u00a0<strong>gare<\/strong>\u00a0de Santa Maria Novella, l'h\u00f4tel Nizza est l'\u00e9tablissement<strong>h\u00f4tel id\u00e9al<\/strong>\u00a0pour tous ceux qui veulent passer quelques jours\u00a0<strong>\u00e0 Florence avec votre chien ou votre chat<\/strong>.<br \/><br \/>Depuis l'h\u00f4tel Nizza, vous pouvez\u00a0<strong>Marcher confortablement avec vos animaux de compagnie dans les rues du centre de Florence<\/strong>beaucoup d'entre eux exclusivement\u00a0<strong>pi\u00e9ton\u00a0<\/strong>ou une circulation automobile limit\u00e9e d'une autre mani\u00e8re,\u00a0<strong>le long de l'Arno<\/strong>\u00a0et dans les nombreux\u00a0<strong>parcs et jardins de Florence<\/strong>\u00a0tous \u00e0 quelques minutes de marche.<br \/><br \/>Nous avons tout ce qu'il faut pour satisfaire nos h\u00f4tes, qu'il s'agisse de\u00a0<strong>les personnes seules, les couples ou les familles<\/strong>\u00a0voyageant avec leur\u00a0<strong>animaux domestiques<\/strong>.<br \/><br \/>Notre h\u00f4tel accepte volontiers<strong>\u00a0les chiens et les chats dans leur chambre<\/strong>\u00a0<strong>uniquement sur demande et sans frais suppl\u00e9mentaires<\/strong>. Nous sommes toujours disponibles pour r\u00e9pondre \u00e0 vos besoins, alors n'h\u00e9sitez pas \u00e0 nous faire part de vos demandes concernant le s\u00e9jour de votre animal de compagnie.<br \/><br \/>Si vous \u00eates \u00e0 la recherche d'une\u00a0<strong>h\u00f4tel pour animaux de compagnie Florence centre<\/strong>o\u00f9 les animaux domestiques sont les bienvenus,\u00a0<strong>H\u00f4tels \u00e0 Nice<\/strong>\u00a0est le\u00a0<strong>solution id\u00e9ale<\/strong>\u00a0pour vos besoins : vous serez satisfait et votre meilleur ami ... vous remerciera !<br \/><br \/>Nous vous attendons avec impatience !<\/p><\/div><\/div><\/div><\/div><\/div><\/article><\/div><\/section>\t\t\t\t\t\t\t\t<\/div>\n\t\t\t\t<\/div>\n\t\t\t\t\t<\/div>\n\t\t<\/div>\n\t\t\t\t\t<\/div>\n\t\t<\/section>\n\t\t\t\t<\/div>","protected":false},"excerpt":{"rendered":"<p>Hotel Pet Friendly Firenze Centro Hotel Nizza,\u00a0albergo storico a due passi dal Duomo, \u00e8 un\u00a0hotel che ammette animali\u00a0di piccola e media taglia\u00a0in centro a Firenze. Vicino a tutte le\u00a0principali attrazioni di Firenze, comodo alla\u00a0stazione dei treni\u00a0di Santa Maria Novella, Hotel Nizza \u00e8 l\u2019albergo ideale\u00a0per tutti coloro che vogliono passare qualche giorno\u00a0a Firenze con il proprio [&hellip;]<\/p>\n","protected":false},"author":1,"featured_media":0,"parent":0,"menu_order":0,"comment_status":"closed","ping_status":"closed","template":"","meta":{"_seopress_robots_primary_cat":"","_seopress_titles_title":"Hotel Pet Friendly a Firenze Centro - Hotel Nizza","_seopress_titles_desc":"Hotel Nizza a Firenze, pet friendly. Camere per cani e gatti vicino al Duomo. Passeggiate nel centro storico e parchi. Prenota ora senza costi aggiuntivi!","_seopress_robots_index":"","footnotes":""},"class_list":["post-238","page","type-page","status-publish","hentry"],"_links":{"self":[{"href":"https:\/\/hotelnizza.com\/fr\/wp-json\/wp\/v2\/pages\/238","targetHints":{"allow":["GET"]}}],"collection":[{"href":"https:\/\/hotelnizza.com\/fr\/wp-json\/wp\/v2\/pages"}],"about":[{"href":"https:\/\/hotelnizza.com\/fr\/wp-json\/wp\/v2\/types\/page"}],"author":[{"embeddable":true,"href":"https:\/\/hotelnizza.com\/fr\/wp-json\/wp\/v2\/users\/1"}],"replies":[{"embeddable":true,"href":"https:\/\/hotelnizza.com\/fr\/wp-json\/wp\/v2\/comments?post=238"}],"version-history":[{"count":5,"href":"https:\/\/hotelnizza.com\/fr\/wp-json\/wp\/v2\/pages\/238\/revisions"}],"predecessor-version":[{"id":698,"href":"https:\/\/hotelnizza.com\/fr\/wp-json\/wp\/v2\/pages\/238\/revisions\/698"}],"wp:attachment":[{"href":"https:\/\/hotelnizza.com\/fr\/wp-json\/wp\/v2\/media?parent=238"}],"curies":[{"name":"wp","href":"https:\/\/api.w.org\/{rel}","templated":true}]}}