{"id":225,"date":"2023-02-14T17:07:10","date_gmt":"2023-02-14T17:07:10","guid":{"rendered":"https:\/\/hotelnizza.com\/?page_id=225"},"modified":"2024-08-28T20:50:05","modified_gmt":"2024-08-28T20:50:05","slug":"hotel-gay-friendly-florence-centre","status":"publish","type":"page","link":"https:\/\/hotelnizza.com\/fr\/hotel-gay-friendly-firenze-centro\/","title":{"rendered":"H\u00f4tel Gay Friendly Florence Centre"},"content":{"rendered":"<div data-elementor-type=\"wp-page\" data-elementor-id=\"225\" class=\"elementor elementor-225\" data-elementor-post-type=\"page\">\n\t\t\t\t\t\t<section class=\"elementor-section elementor-top-section elementor-element elementor-element-957c3f0 elementor-section-height-min-height elementor-section-boxed elementor-section-height-default elementor-section-items-middle\" data-id=\"957c3f0\" data-element_type=\"section\" data-e-type=\"section\" data-settings=\"{&quot;background_background&quot;:&quot;classic&quot;}\">\n\t\t\t\t\t\t\t<div class=\"elementor-background-overlay\"><\/div>\n\t\t\t\t\t\t\t<div class=\"elementor-container elementor-column-gap-default\">\n\t\t\t\t\t<div class=\"elementor-column elementor-col-100 elementor-top-column elementor-element elementor-element-b8e6932\" data-id=\"b8e6932\" data-element_type=\"column\" data-e-type=\"column\">\n\t\t\t<div class=\"elementor-widget-wrap elementor-element-populated\">\n\t\t\t\t\t\t<div class=\"elementor-element elementor-element-7df94aa elementor-invisible elementor-widget elementor-widget-heading\" data-id=\"7df94aa\" data-element_type=\"widget\" data-e-type=\"widget\" data-settings=\"{&quot;_animation&quot;:&quot;fadeInUp&quot;}\" data-widget_type=\"heading.default\">\n\t\t\t\t<div class=\"elementor-widget-container\">\n\t\t\t\t\t<h5 class=\"elementor-heading-title elementor-size-default\">H\u00f4tel Gay Friendly Florence Centre<\/h5>\t\t\t\t<\/div>\n\t\t\t\t<\/div>\n\t\t\t\t<div class=\"elementor-element elementor-element-d35bcc2 elementor-widget-divider--view-line elementor-invisible elementor-widget elementor-widget-divider\" data-id=\"d35bcc2\" data-element_type=\"widget\" data-e-type=\"widget\" data-settings=\"{&quot;_animation&quot;:&quot;fadeInUp&quot;}\" data-widget_type=\"divider.default\">\n\t\t\t\t<div class=\"elementor-widget-container\">\n\t\t\t\t\t\t\t<div class=\"elementor-divider\">\n\t\t\t<span class=\"elementor-divider-separator\">\n\t\t\t\t\t\t<\/span>\n\t\t<\/div>\n\t\t\t\t\t\t<\/div>\n\t\t\t\t<\/div>\n\t\t\t\t\t<\/div>\n\t\t<\/div>\n\t\t\t\t\t<\/div>\n\t\t<\/section>\n\t\t\t\t<section class=\"elementor-section elementor-top-section elementor-element elementor-element-2ce74ba elementor-section-boxed elementor-section-height-default elementor-section-height-default\" data-id=\"2ce74ba\" data-element_type=\"section\" data-e-type=\"section\">\n\t\t\t\t\t\t<div class=\"elementor-container elementor-column-gap-default\">\n\t\t\t\t\t<div class=\"elementor-column elementor-col-100 elementor-top-column elementor-element elementor-element-176cb91\" data-id=\"176cb91\" data-element_type=\"column\" data-e-type=\"column\">\n\t\t\t<div class=\"elementor-widget-wrap elementor-element-populated\">\n\t\t\t\t\t\t<div class=\"elementor-element elementor-element-f2fbc0f elementor-invisible elementor-widget elementor-widget-text-editor\" data-id=\"f2fbc0f\" data-element_type=\"widget\" data-e-type=\"widget\" data-settings=\"{&quot;_animation&quot;:&quot;fadeInRight&quot;,&quot;_animation_mobile&quot;:&quot;none&quot;}\" data-widget_type=\"text-editor.default\">\n\t\t\t\t<div class=\"elementor-widget-container\">\n\t\t\t\t\t\t\t\t\t<div class=\"main-container container\"><div class=\"row\"><section class=\"col-sm-12\"><div class=\"region region-content\"><section id=\"block-system-main\" class=\"block block-system clearfix\"><div class=\"block-content\"><article id=\"node-125\" class=\"node node-page clearfix\"><div class=\"field field-name-body field-type-text-with-summary field-label-hidden\"><div class=\"field-items\"><div class=\"field-item even\"><p><strong>H\u00f4tels \u00e0 Nice<\/strong>\u00a0offres<strong>\u00a0Ambiance conviviale et chambres de style typiquement florentin<\/strong>dans un cadre familier et discret,<strong>\u00a0dans le centre de Florence<\/strong>\u00e0 deux pas de la\u00a0<strong>Cath\u00e9drale\u00a0<\/strong>et tr\u00e8s pratique \u00e0 atteindre pour ceux qui<strong>\u00a0<\/strong>est\u00a0<strong>vers Florence en train<\/strong>\u00a0(nous sommes \u00e0 quelques minutes de marche de l'h\u00f4tel de ville).\u00a0<strong>Gare de Santa Maria Novella<\/strong>). Dans chaque recoin de l'h\u00f4tel Nizza, on respire l'air du temps.\u00a0<strong>histoire de Florence<\/strong>Nos chambres ont \u00e9t\u00e9 con\u00e7ues et meubl\u00e9es en respectant scrupuleusement les mat\u00e9riaux et les couleurs d'origine de la maison.<strong>\u00a0La tradition toscane<\/strong>Les meubles sont en noyer, les sols en terre cuite et les finitions en pietra serena, fer forg\u00e9, fonte et laiton.<\/p><p><strong>Chambres spacieuses et confortables<\/strong>des couleurs et un mobilier \u00e9l\u00e9gants et chaleureux,<strong>\u00a0atmosph\u00e8re romantique et d\u00e9tendue<\/strong>dot\u00e9es d'\u00e9quipements et de services de qualit\u00e9 sup\u00e9rieure tels que le n\u00e9cessaire pour faire du th\u00e9 et du caf\u00e9, la t\u00e9l\u00e9vision par satellite, le wifi gratuit : nos chambres sont\u00a0<strong>insonoris\u00e9<\/strong>une caract\u00e9ristique universellement appr\u00e9ci\u00e9e par les clients h\u00e9t\u00e9rosexuels et par les clients\u00a0<strong>homosexuels en vacances \u00e0 Florence<\/strong>!<\/p><p><strong>Florence\u00a0<\/strong>a toujours \u00e9t\u00e9 une\u00a0<strong>ville ouverte, amicale et accueillante<\/strong>\u00a0pour tous ses visiteurs et invit\u00e9s homosexuels. A\u00a0<strong>h\u00f4tel gay friendly Florence centre<\/strong>\u00a0que l'h\u00f4tel Nizza repr\u00e9sente une<strong>exp\u00e9rience unique<\/strong>\u00a0\u00e0 vivre intens\u00e9ment : nous attendons avec impatience toutes les\u00a0<strong>les couples gays et lesbiens<\/strong>\u00a0de faire leur\u00a0<strong>s\u00e9jour \u00e0 Florence<\/strong>!<\/p><p><a href=\"https:\/\/reservations.verticalbooking.com\/reservation_hotel_start.htm?id_stile=9679&amp;headvar=ok&amp;lingua_int=ita&amp;id_albergo=13124&amp;dc=7436\">Livre<\/a>\u00a0o\u00a0<a href=\"https:\/\/hotelnizza.com\/fr\/contacts\/\" rel=\"nofollow\">Demande d'information<\/a><\/p><\/div><\/div><\/div><\/article><\/div><\/section><\/div><\/section><\/div><\/div>\t\t\t\t\t\t\t\t<\/div>\n\t\t\t\t<\/div>\n\t\t\t\t\t<\/div>\n\t\t<\/div>\n\t\t\t\t\t<\/div>\n\t\t<\/section>\n\t\t\t\t<\/div>","protected":false},"excerpt":{"rendered":"<p>Hotel Gay Friendly Firenze Centro Hotel Nizza\u00a0offre\u00a0ambienti e camere gay friendly in tipico stile fiorentino, in un contesto familiare e discreto,\u00a0in pieno centro a Firenze, a due passi dal\u00a0Duomo\u00a0e comodissimo da raggiungere per chi\u00a0viene\u00a0a Firenze in treno\u00a0(siamo pochi minuti a piedi dalla\u00a0Stazione di Santa Maria Novella). In ogni angolo dell&#8217;Hotel Nizza si respira la\u00a0storia di [&hellip;]<\/p>\n","protected":false},"author":1,"featured_media":0,"parent":0,"menu_order":0,"comment_status":"closed","ping_status":"closed","template":"","meta":{"_seopress_robots_primary_cat":"","_seopress_titles_title":"Hotel Gay Friendly a Firenze Centro - Hotel Nizza","_seopress_titles_desc":"Hotel Nizza, gay friendly a Firenze centro. Camere accoglienti e discrezione totale. Vicino al Duomo e alla stazione di Santa Maria Novella. Prenota ora!","_seopress_robots_index":"","footnotes":""},"class_list":["post-225","page","type-page","status-publish","hentry"],"_links":{"self":[{"href":"https:\/\/hotelnizza.com\/fr\/wp-json\/wp\/v2\/pages\/225","targetHints":{"allow":["GET"]}}],"collection":[{"href":"https:\/\/hotelnizza.com\/fr\/wp-json\/wp\/v2\/pages"}],"about":[{"href":"https:\/\/hotelnizza.com\/fr\/wp-json\/wp\/v2\/types\/page"}],"author":[{"embeddable":true,"href":"https:\/\/hotelnizza.com\/fr\/wp-json\/wp\/v2\/users\/1"}],"replies":[{"embeddable":true,"href":"https:\/\/hotelnizza.com\/fr\/wp-json\/wp\/v2\/comments?post=225"}],"version-history":[{"count":5,"href":"https:\/\/hotelnizza.com\/fr\/wp-json\/wp\/v2\/pages\/225\/revisions"}],"predecessor-version":[{"id":714,"href":"https:\/\/hotelnizza.com\/fr\/wp-json\/wp\/v2\/pages\/225\/revisions\/714"}],"wp:attachment":[{"href":"https:\/\/hotelnizza.com\/fr\/wp-json\/wp\/v2\/media?parent=225"}],"curies":[{"name":"wp","href":"https:\/\/api.w.org\/{rel}","templated":true}]}}