{"id":238,"date":"2023-02-14T17:16:47","date_gmt":"2023-02-14T17:16:47","guid":{"rendered":"https:\/\/hotelnizza.com\/?page_id=238"},"modified":"2024-08-28T20:48:14","modified_gmt":"2024-08-28T20:48:14","slug":"hotel-que-acepta-mascotas-florencia-centro","status":"publish","type":"page","link":"https:\/\/hotelnizza.com\/es\/hotel-pet-friendly-firenze-centro\/","title":{"rendered":"Hoteles que admiten mascotas Florencia Centro"},"content":{"rendered":"<div data-elementor-type=\"wp-page\" data-elementor-id=\"238\" class=\"elementor elementor-238\" data-elementor-post-type=\"page\">\n\t\t\t\t\t\t<section class=\"elementor-section elementor-top-section elementor-element elementor-element-1b27689 elementor-section-height-min-height elementor-section-boxed elementor-section-height-default elementor-section-items-middle\" data-id=\"1b27689\" data-element_type=\"section\" data-e-type=\"section\" data-settings=\"{&quot;background_background&quot;:&quot;classic&quot;}\">\n\t\t\t\t\t\t\t<div class=\"elementor-background-overlay\"><\/div>\n\t\t\t\t\t\t\t<div class=\"elementor-container elementor-column-gap-default\">\n\t\t\t\t\t<div class=\"elementor-column elementor-col-100 elementor-top-column elementor-element elementor-element-f1aa73d\" data-id=\"f1aa73d\" data-element_type=\"column\" data-e-type=\"column\">\n\t\t\t<div class=\"elementor-widget-wrap elementor-element-populated\">\n\t\t\t\t\t\t<div class=\"elementor-element elementor-element-add0f88 elementor-invisible elementor-widget elementor-widget-heading\" data-id=\"add0f88\" data-element_type=\"widget\" data-e-type=\"widget\" data-settings=\"{&quot;_animation&quot;:&quot;fadeInUp&quot;}\" data-widget_type=\"heading.default\">\n\t\t\t\t<div class=\"elementor-widget-container\">\n\t\t\t\t\t<h1 class=\"elementor-heading-title elementor-size-default\">Hoteles que admiten mascotas Florencia Centro<\/h1>\t\t\t\t<\/div>\n\t\t\t\t<\/div>\n\t\t\t\t<div class=\"elementor-element elementor-element-f29be55 elementor-widget-divider--view-line elementor-invisible elementor-widget elementor-widget-divider\" data-id=\"f29be55\" data-element_type=\"widget\" data-e-type=\"widget\" data-settings=\"{&quot;_animation&quot;:&quot;fadeInUp&quot;}\" data-widget_type=\"divider.default\">\n\t\t\t\t<div class=\"elementor-widget-container\">\n\t\t\t\t\t\t\t<div class=\"elementor-divider\">\n\t\t\t<span class=\"elementor-divider-separator\">\n\t\t\t\t\t\t<\/span>\n\t\t<\/div>\n\t\t\t\t\t\t<\/div>\n\t\t\t\t<\/div>\n\t\t\t\t\t<\/div>\n\t\t<\/div>\n\t\t\t\t\t<\/div>\n\t\t<\/section>\n\t\t\t\t<section class=\"elementor-section elementor-top-section elementor-element elementor-element-605502a elementor-section-boxed elementor-section-height-default elementor-section-height-default\" data-id=\"605502a\" data-element_type=\"section\" data-e-type=\"section\">\n\t\t\t\t\t\t<div class=\"elementor-container elementor-column-gap-default\">\n\t\t\t\t\t<div class=\"elementor-column elementor-col-100 elementor-top-column elementor-element elementor-element-fdc2753\" data-id=\"fdc2753\" data-element_type=\"column\" data-e-type=\"column\">\n\t\t\t<div class=\"elementor-widget-wrap elementor-element-populated\">\n\t\t\t\t\t\t<div class=\"elementor-element elementor-element-56ea00e elementor-drop-cap-yes elementor-drop-cap-view-default elementor-invisible elementor-widget elementor-widget-text-editor\" data-id=\"56ea00e\" data-element_type=\"widget\" data-e-type=\"widget\" data-settings=\"{&quot;_animation&quot;:&quot;fadeInRight&quot;,&quot;_animation_mobile&quot;:&quot;none&quot;,&quot;drop_cap&quot;:&quot;yes&quot;}\" data-widget_type=\"text-editor.default\">\n\t\t\t\t<div class=\"elementor-widget-container\">\n\t\t\t\t\t\t\t\t\t<section id=\"block-system-main\" class=\"block block-system clearfix\"><div class=\"block-content\"><article id=\"node-29\" class=\"node node-page clearfix\"><div class=\"field field-name-body field-type-text-with-summary field-label-hidden\"><div class=\"field-items\"><div class=\"field-item even\"><div class=\"content-row content-custom-hotelnizza\"><div class=\"content-col-1\"><p><strong>Hoteles en Niza<\/strong>,\u00a0<strong>hotel hist\u00f3rico a dos pasos de la catedral<\/strong>es una\u00a0<strong>hotel apto para mascotas\u00a0<\/strong>peque\u00f1as y medianas empresas\u00a0<strong>en el centro de Florencia<\/strong>. Cerca de todo\u00a0<strong>Las principales atracciones de Florencia<\/strong>conveniente para el\u00a0<strong>estaci\u00f3n de tren<\/strong>\u00a0de Santa Maria Novella, el Hotel Nizza es el<strong>hotel ideal<\/strong>\u00a0para todos aquellos que quieran pasar unos d\u00edas\u00a0<strong>en Florencia con su perro o gato<\/strong>.<br \/><br \/>Desde el Hotel Nizza puede\u00a0<strong>Pasee c\u00f3modamente con su mascota por las calles del centro de Florencia<\/strong>muchos de ellos exclusivamente\u00a0<strong>peat\u00f3n\u00a0<\/strong>o tr\u00e1fico de coches limitado,\u00a0<strong>a lo largo del Arno<\/strong>\u00a0y en los numerosos\u00a0<strong>parques y jardines de Florencia<\/strong>\u00a0todo a pocos minutos a pie.<br \/><br \/>Tenemos de todo para satisfacer a nuestros hu\u00e9spedes, ya sean\u00a0<strong>personas solas, parejas o familias<\/strong>\u00a0viajando con sus\u00a0<strong>mascotas<\/strong>.<br \/><br \/>Nuestro hotel acepta<strong>\u00a0perros y gatos en sus habitaciones<\/strong>\u00a0<strong>s\u00f3lo previa solicitud y sin coste adicional<\/strong>. Estamos siempre a su disposici\u00f3n para atender todas sus necesidades, as\u00ed que no dude en comunicarnos cualquier petici\u00f3n relacionada con la estancia de su \"mascota\".<br \/><br \/>Si busca un lugar c\u00f3modo\u00a0<strong>hotel que acepta mascotas Florencia centro<\/strong>donde las mascotas son bienvenidas,\u00a0<strong>Hoteles en Niza<\/strong>\u00a0es el\u00a0<strong>soluci\u00f3n ideal<\/strong>\u00a0para sus necesidades: quedar\u00e1 satisfecho y su mejor amigo... \u00a1se lo agradecer\u00e1!<br \/><br \/>\u00a1Le esperamos!<\/p><\/div><\/div><\/div><\/div><\/div><\/article><\/div><\/section>\t\t\t\t\t\t\t\t<\/div>\n\t\t\t\t<\/div>\n\t\t\t\t\t<\/div>\n\t\t<\/div>\n\t\t\t\t\t<\/div>\n\t\t<\/section>\n\t\t\t\t<\/div>","protected":false},"excerpt":{"rendered":"<p>Hotel Pet Friendly Firenze Centro Hotel Nizza,\u00a0albergo storico a due passi dal Duomo, \u00e8 un\u00a0hotel che ammette animali\u00a0di piccola e media taglia\u00a0in centro a Firenze. Vicino a tutte le\u00a0principali attrazioni di Firenze, comodo alla\u00a0stazione dei treni\u00a0di Santa Maria Novella, Hotel Nizza \u00e8 l\u2019albergo ideale\u00a0per tutti coloro che vogliono passare qualche giorno\u00a0a Firenze con il proprio [&hellip;]<\/p>\n","protected":false},"author":1,"featured_media":0,"parent":0,"menu_order":0,"comment_status":"closed","ping_status":"closed","template":"","meta":{"_seopress_robots_primary_cat":"","_seopress_titles_title":"Hotel Pet Friendly a Firenze Centro - Hotel Nizza","_seopress_titles_desc":"Hotel Nizza a Firenze, pet friendly. Camere per cani e gatti vicino al Duomo. Passeggiate nel centro storico e parchi. Prenota ora senza costi aggiuntivi!","_seopress_robots_index":"","footnotes":""},"class_list":["post-238","page","type-page","status-publish","hentry"],"_links":{"self":[{"href":"https:\/\/hotelnizza.com\/es\/wp-json\/wp\/v2\/pages\/238","targetHints":{"allow":["GET"]}}],"collection":[{"href":"https:\/\/hotelnizza.com\/es\/wp-json\/wp\/v2\/pages"}],"about":[{"href":"https:\/\/hotelnizza.com\/es\/wp-json\/wp\/v2\/types\/page"}],"author":[{"embeddable":true,"href":"https:\/\/hotelnizza.com\/es\/wp-json\/wp\/v2\/users\/1"}],"replies":[{"embeddable":true,"href":"https:\/\/hotelnizza.com\/es\/wp-json\/wp\/v2\/comments?post=238"}],"version-history":[{"count":5,"href":"https:\/\/hotelnizza.com\/es\/wp-json\/wp\/v2\/pages\/238\/revisions"}],"predecessor-version":[{"id":698,"href":"https:\/\/hotelnizza.com\/es\/wp-json\/wp\/v2\/pages\/238\/revisions\/698"}],"wp:attachment":[{"href":"https:\/\/hotelnizza.com\/es\/wp-json\/wp\/v2\/media?parent=238"}],"curies":[{"name":"wp","href":"https:\/\/api.w.org\/{rel}","templated":true}]}}