{"id":225,"date":"2023-02-14T17:07:10","date_gmt":"2023-02-14T17:07:10","guid":{"rendered":"https:\/\/hotelnizza.com\/?page_id=225"},"modified":"2024-08-28T20:50:05","modified_gmt":"2024-08-28T20:50:05","slug":"hotel-gay-friendly-florencia-centro","status":"publish","type":"page","link":"https:\/\/hotelnizza.com\/es\/hotel-gay-friendly-firenze-centro\/","title":{"rendered":"Gay Friendly Hotel Florence Centre"},"content":{"rendered":"<div data-elementor-type=\"wp-page\" data-elementor-id=\"225\" class=\"elementor elementor-225\" data-elementor-post-type=\"page\">\n\t\t\t\t\t\t<section class=\"elementor-section elementor-top-section elementor-element elementor-element-957c3f0 elementor-section-height-min-height elementor-section-boxed elementor-section-height-default elementor-section-items-middle\" data-id=\"957c3f0\" data-element_type=\"section\" data-e-type=\"section\" data-settings=\"{&quot;background_background&quot;:&quot;classic&quot;}\">\n\t\t\t\t\t\t\t<div class=\"elementor-background-overlay\"><\/div>\n\t\t\t\t\t\t\t<div class=\"elementor-container elementor-column-gap-default\">\n\t\t\t\t\t<div class=\"elementor-column elementor-col-100 elementor-top-column elementor-element elementor-element-b8e6932\" data-id=\"b8e6932\" data-element_type=\"column\" data-e-type=\"column\">\n\t\t\t<div class=\"elementor-widget-wrap elementor-element-populated\">\n\t\t\t\t\t\t<div class=\"elementor-element elementor-element-7df94aa elementor-invisible elementor-widget elementor-widget-heading\" data-id=\"7df94aa\" data-element_type=\"widget\" data-e-type=\"widget\" data-settings=\"{&quot;_animation&quot;:&quot;fadeInUp&quot;}\" data-widget_type=\"heading.default\">\n\t\t\t\t<div class=\"elementor-widget-container\">\n\t\t\t\t\t<h5 class=\"elementor-heading-title elementor-size-default\">Gay Friendly Hotel Florence Centre<\/h5>\t\t\t\t<\/div>\n\t\t\t\t<\/div>\n\t\t\t\t<div class=\"elementor-element elementor-element-d35bcc2 elementor-widget-divider--view-line elementor-invisible elementor-widget elementor-widget-divider\" data-id=\"d35bcc2\" data-element_type=\"widget\" data-e-type=\"widget\" data-settings=\"{&quot;_animation&quot;:&quot;fadeInUp&quot;}\" data-widget_type=\"divider.default\">\n\t\t\t\t<div class=\"elementor-widget-container\">\n\t\t\t\t\t\t\t<div class=\"elementor-divider\">\n\t\t\t<span class=\"elementor-divider-separator\">\n\t\t\t\t\t\t<\/span>\n\t\t<\/div>\n\t\t\t\t\t\t<\/div>\n\t\t\t\t<\/div>\n\t\t\t\t\t<\/div>\n\t\t<\/div>\n\t\t\t\t\t<\/div>\n\t\t<\/section>\n\t\t\t\t<section class=\"elementor-section elementor-top-section elementor-element elementor-element-2ce74ba elementor-section-boxed elementor-section-height-default elementor-section-height-default\" data-id=\"2ce74ba\" data-element_type=\"section\" data-e-type=\"section\">\n\t\t\t\t\t\t<div class=\"elementor-container elementor-column-gap-default\">\n\t\t\t\t\t<div class=\"elementor-column elementor-col-100 elementor-top-column elementor-element elementor-element-176cb91\" data-id=\"176cb91\" data-element_type=\"column\" data-e-type=\"column\">\n\t\t\t<div class=\"elementor-widget-wrap elementor-element-populated\">\n\t\t\t\t\t\t<div class=\"elementor-element elementor-element-f2fbc0f elementor-invisible elementor-widget elementor-widget-text-editor\" data-id=\"f2fbc0f\" data-element_type=\"widget\" data-e-type=\"widget\" data-settings=\"{&quot;_animation&quot;:&quot;fadeInRight&quot;,&quot;_animation_mobile&quot;:&quot;none&quot;}\" data-widget_type=\"text-editor.default\">\n\t\t\t\t<div class=\"elementor-widget-container\">\n\t\t\t\t\t\t\t\t\t<div class=\"main-container container\"><div class=\"row\"><section class=\"col-sm-12\"><div class=\"region region-content\"><section id=\"block-system-main\" class=\"block block-system clearfix\"><div class=\"block-content\"><article id=\"node-125\" class=\"node node-page clearfix\"><div class=\"field field-name-body field-type-text-with-summary field-label-hidden\"><div class=\"field-items\"><div class=\"field-item even\"><p><strong>Hoteles en Niza<\/strong>\u00a0ofrece<strong>\u00a0ambiente gay friendly y habitaciones de estilo t\u00edpicamente florentino<\/strong>en un entorno familiar y discreto,<strong>\u00a0en el centro de Florencia<\/strong>a tiro de piedra del\u00a0<strong>Catedral\u00a0<\/strong>y muy c\u00f3modo de alcanzar para aquellos<strong>\u00a0<\/strong>es\u00a0<strong>a Florencia en tren<\/strong>\u00a0(estamos a unos minutos a pie del\u00a0<strong>Estaci\u00f3n de Santa Maria Novella<\/strong>). En cada rinc\u00f3n del Hotel Nizza se respira el\u00a0<strong>historia de Florencia<\/strong>nuestras habitaciones han sido dise\u00f1adas y amuebladas con escrupulosa atenci\u00f3n a los materiales y colores originales del<strong>\u00a0Tradici\u00f3n toscana<\/strong>Los muebles son de nogal, los suelos de terracota y los acabados de pietra serena, hierro forjado, fundici\u00f3n y lat\u00f3n.<\/p><p><strong>Habitaciones amplias y confortables<\/strong>colores y mobiliario elegantes y c\u00e1lidos,<strong>\u00a0ambiente rom\u00e1ntico y relajado<\/strong>equipadas con comodidades y servicios superiores, como menaje para preparar t\u00e9 y caf\u00e9, TV v\u00eda sat\u00e9lite, wifi gratuito: nuestras habitaciones son\u00a0<strong>insonorizaci\u00f3n<\/strong>una caracter\u00edstica universalmente apreciada tanto por los heterosexuales como por los hu\u00e9spedes\u00a0<strong>homosexuales de vacaciones en Florencia<\/strong>!<\/p><p><strong>Florencia\u00a0<\/strong>siempre ha sido un\u00a0<strong>ciudad abierta, amable y acogedora<\/strong>\u00a0para todos sus visitantes y hu\u00e9spedes homosexuales. A\u00a0<strong>hotel gay friendly Florencia centro<\/strong>\u00a0ya que el Hotel Nizza representa un<strong>experiencia \u00fanica<\/strong>\u00a0vivir intensamente: esperamos con impaciencia todas las\u00a0<strong>parejas de gays y lesbianas<\/strong>\u00a0para hacer su\u00a0<strong>Estancia en Florencia<\/strong>!<\/p><p><a href=\"https:\/\/reservations.verticalbooking.com\/reservation_hotel_start.htm?id_stile=9679&amp;headvar=ok&amp;lingua_int=ita&amp;id_albergo=13124&amp;dc=7436\">Reserve<\/a>\u00a0o\u00a0<a href=\"https:\/\/hotelnizza.com\/es\/contactos\/\" rel=\"nofollow\">Solicitar informaci\u00f3n<\/a><\/p><\/div><\/div><\/div><\/article><\/div><\/section><\/div><\/section><\/div><\/div>\t\t\t\t\t\t\t\t<\/div>\n\t\t\t\t<\/div>\n\t\t\t\t\t<\/div>\n\t\t<\/div>\n\t\t\t\t\t<\/div>\n\t\t<\/section>\n\t\t\t\t<\/div>","protected":false},"excerpt":{"rendered":"<p>Hotel Gay Friendly Firenze Centro Hotel Nizza\u00a0offre\u00a0ambienti e camere gay friendly in tipico stile fiorentino, in un contesto familiare e discreto,\u00a0in pieno centro a Firenze, a due passi dal\u00a0Duomo\u00a0e comodissimo da raggiungere per chi\u00a0viene\u00a0a Firenze in treno\u00a0(siamo pochi minuti a piedi dalla\u00a0Stazione di Santa Maria Novella). In ogni angolo dell&#8217;Hotel Nizza si respira la\u00a0storia di [&hellip;]<\/p>\n","protected":false},"author":1,"featured_media":0,"parent":0,"menu_order":0,"comment_status":"closed","ping_status":"closed","template":"","meta":{"_seopress_robots_primary_cat":"","_seopress_titles_title":"Hotel Gay Friendly a Firenze Centro - Hotel Nizza","_seopress_titles_desc":"Hotel Nizza, gay friendly a Firenze centro. Camere accoglienti e discrezione totale. Vicino al Duomo e alla stazione di Santa Maria Novella. Prenota ora!","_seopress_robots_index":"","footnotes":""},"class_list":["post-225","page","type-page","status-publish","hentry"],"_links":{"self":[{"href":"https:\/\/hotelnizza.com\/es\/wp-json\/wp\/v2\/pages\/225","targetHints":{"allow":["GET"]}}],"collection":[{"href":"https:\/\/hotelnizza.com\/es\/wp-json\/wp\/v2\/pages"}],"about":[{"href":"https:\/\/hotelnizza.com\/es\/wp-json\/wp\/v2\/types\/page"}],"author":[{"embeddable":true,"href":"https:\/\/hotelnizza.com\/es\/wp-json\/wp\/v2\/users\/1"}],"replies":[{"embeddable":true,"href":"https:\/\/hotelnizza.com\/es\/wp-json\/wp\/v2\/comments?post=225"}],"version-history":[{"count":5,"href":"https:\/\/hotelnizza.com\/es\/wp-json\/wp\/v2\/pages\/225\/revisions"}],"predecessor-version":[{"id":714,"href":"https:\/\/hotelnizza.com\/es\/wp-json\/wp\/v2\/pages\/225\/revisions\/714"}],"wp:attachment":[{"href":"https:\/\/hotelnizza.com\/es\/wp-json\/wp\/v2\/media?parent=225"}],"curies":[{"name":"wp","href":"https:\/\/api.w.org\/{rel}","templated":true}]}}