{"id":238,"date":"2023-02-14T17:16:47","date_gmt":"2023-02-14T17:16:47","guid":{"rendered":"https:\/\/hotelnizza.com\/?page_id=238"},"modified":"2024-08-28T20:48:14","modified_gmt":"2024-08-28T20:48:14","slug":"haustierfreundliches-hotel-florenz-zentrum","status":"publish","type":"page","link":"https:\/\/hotelnizza.com\/de\/hotel-pet-friendly-firenze-centro\/","title":{"rendered":"Haustierfreundliche Hotels Florenz Zentrum"},"content":{"rendered":"<div data-elementor-type=\"wp-page\" data-elementor-id=\"238\" class=\"elementor elementor-238\" data-elementor-post-type=\"page\">\n\t\t\t\t\t\t<section class=\"elementor-section elementor-top-section elementor-element elementor-element-1b27689 elementor-section-height-min-height elementor-section-boxed elementor-section-height-default elementor-section-items-middle\" data-id=\"1b27689\" data-element_type=\"section\" data-e-type=\"section\" data-settings=\"{&quot;background_background&quot;:&quot;classic&quot;}\">\n\t\t\t\t\t\t\t<div class=\"elementor-background-overlay\"><\/div>\n\t\t\t\t\t\t\t<div class=\"elementor-container elementor-column-gap-default\">\n\t\t\t\t\t<div class=\"elementor-column elementor-col-100 elementor-top-column elementor-element elementor-element-f1aa73d\" data-id=\"f1aa73d\" data-element_type=\"column\" data-e-type=\"column\">\n\t\t\t<div class=\"elementor-widget-wrap elementor-element-populated\">\n\t\t\t\t\t\t<div class=\"elementor-element elementor-element-add0f88 elementor-invisible elementor-widget elementor-widget-heading\" data-id=\"add0f88\" data-element_type=\"widget\" data-e-type=\"widget\" data-settings=\"{&quot;_animation&quot;:&quot;fadeInUp&quot;}\" data-widget_type=\"heading.default\">\n\t\t\t\t<div class=\"elementor-widget-container\">\n\t\t\t\t\t<h1 class=\"elementor-heading-title elementor-size-default\">Haustierfreundliche Hotels Florenz Zentrum<\/h1>\t\t\t\t<\/div>\n\t\t\t\t<\/div>\n\t\t\t\t<div class=\"elementor-element elementor-element-f29be55 elementor-widget-divider--view-line elementor-invisible elementor-widget elementor-widget-divider\" data-id=\"f29be55\" data-element_type=\"widget\" data-e-type=\"widget\" data-settings=\"{&quot;_animation&quot;:&quot;fadeInUp&quot;}\" data-widget_type=\"divider.default\">\n\t\t\t\t<div class=\"elementor-widget-container\">\n\t\t\t\t\t\t\t<div class=\"elementor-divider\">\n\t\t\t<span class=\"elementor-divider-separator\">\n\t\t\t\t\t\t<\/span>\n\t\t<\/div>\n\t\t\t\t\t\t<\/div>\n\t\t\t\t<\/div>\n\t\t\t\t\t<\/div>\n\t\t<\/div>\n\t\t\t\t\t<\/div>\n\t\t<\/section>\n\t\t\t\t<section class=\"elementor-section elementor-top-section elementor-element elementor-element-605502a elementor-section-boxed elementor-section-height-default elementor-section-height-default\" data-id=\"605502a\" data-element_type=\"section\" data-e-type=\"section\">\n\t\t\t\t\t\t<div class=\"elementor-container elementor-column-gap-default\">\n\t\t\t\t\t<div class=\"elementor-column elementor-col-100 elementor-top-column elementor-element elementor-element-fdc2753\" data-id=\"fdc2753\" data-element_type=\"column\" data-e-type=\"column\">\n\t\t\t<div class=\"elementor-widget-wrap elementor-element-populated\">\n\t\t\t\t\t\t<div class=\"elementor-element elementor-element-56ea00e elementor-drop-cap-yes elementor-drop-cap-view-default elementor-invisible elementor-widget elementor-widget-text-editor\" data-id=\"56ea00e\" data-element_type=\"widget\" data-e-type=\"widget\" data-settings=\"{&quot;_animation&quot;:&quot;fadeInRight&quot;,&quot;_animation_mobile&quot;:&quot;none&quot;,&quot;drop_cap&quot;:&quot;yes&quot;}\" data-widget_type=\"text-editor.default\">\n\t\t\t\t<div class=\"elementor-widget-container\">\n\t\t\t\t\t\t\t\t\t<section id=\"block-system-main\" class=\"block block-system clearfix\"><div class=\"block-content\"><article id=\"node-29\" class=\"node node-page clearfix\"><div class=\"field field-name-body field-type-text-with-summary field-label-hidden\"><div class=\"field-items\"><div class=\"field-item even\"><div class=\"content-row content-custom-hotelnizza\"><div class=\"content-col-1\"><p><strong>Hotels in Nizza<\/strong>,\u00a0<strong>historisches Hotel nur einen Steinwurf von der Kathedrale entfernt<\/strong>ist ein\u00a0<strong>haustierfreundliches Hotel\u00a0<\/strong>kleine und mittlere\u00a0<strong>im Zentrum von Florenz<\/strong>. Nah an allen\u00a0<strong>Die wichtigsten Sehensw\u00fcrdigkeiten von Florenz<\/strong>, bequem zum\u00a0<strong>Bahnhof<\/strong>\u00a0von Santa Maria Novella, ist das Hotel Nizza das<strong>ideales Hotel<\/strong>\u00a0f\u00fcr alle, die ein paar Tage verbringen wollen\u00a0<strong>in Florenz mit Ihrem Hund oder Ihrer Katze<\/strong>.<br \/><br \/>Vom Hotel Nizza aus k\u00f6nnen Sie\u00a0<strong>Bequemer Spaziergang mit Ihren Haustieren durch die Stra\u00dfen der Innenstadt von Florenz<\/strong>viele von ihnen ausschlie\u00dflich\u00a0<strong>Fu\u00dfg\u00e4nger\u00a0<\/strong>oder anderweitig eingeschr\u00e4nkter Autoverkehr,\u00a0<strong>entlang des Arno<\/strong>\u00a0und in den zahlreichen\u00a0<strong>Parks und G\u00e4rten in Florenz<\/strong>\u00a0alle in wenigen Minuten zu Fu\u00df zu erreichen.<br \/><br \/>Wir haben alles, um unsere G\u00e4ste zufrieden zu stellen, sei es\u00a0<strong>Einzelpersonen, Paare oder Familien<\/strong>\u00a0Reisen mit ihren\u00a0<strong>Haustiere<\/strong>.<br \/><br \/>Unser Hotel nimmt gerne an<strong>\u00a0Hunde und Katzen in ihren Zimmern<\/strong>\u00a0<strong>nur auf Anfrage und ohne zus\u00e4tzliche Kosten<\/strong>. Wir sind immer bereit, auf Ihre Bed\u00fcrfnisse einzugehen, also z\u00f6gern Sie bitte nicht, uns Ihre W\u00fcnsche in Bezug auf den Aufenthalt Ihres Haustieres mitzuteilen.<br \/><br \/>Wenn Sie auf der Suche nach einem komfortablen\u00a0<strong>Haustierfreundliches Hotel Florenz Zentrum<\/strong>wo Haustiere willkommen sind,\u00a0<strong>Hotels in Nizza<\/strong>\u00a0ist die\u00a0<strong>ideale L\u00f6sung<\/strong>\u00a0f\u00fcr Ihre Bed\u00fcrfnisse: Sie werden zufrieden sein und Ihr bester Freund ... wird es Ihnen danken!<br \/><br \/>Wir freuen uns auf Ihren Besuch!<\/p><\/div><\/div><\/div><\/div><\/div><\/article><\/div><\/section>\t\t\t\t\t\t\t\t<\/div>\n\t\t\t\t<\/div>\n\t\t\t\t\t<\/div>\n\t\t<\/div>\n\t\t\t\t\t<\/div>\n\t\t<\/section>\n\t\t\t\t<\/div>","protected":false},"excerpt":{"rendered":"<p>Hotel Pet Friendly Firenze Centro Hotel Nizza,\u00a0albergo storico a due passi dal Duomo, \u00e8 un\u00a0hotel che ammette animali\u00a0di piccola e media taglia\u00a0in centro a Firenze. Vicino a tutte le\u00a0principali attrazioni di Firenze, comodo alla\u00a0stazione dei treni\u00a0di Santa Maria Novella, Hotel Nizza \u00e8 l\u2019albergo ideale\u00a0per tutti coloro che vogliono passare qualche giorno\u00a0a Firenze con il proprio [&hellip;]<\/p>\n","protected":false},"author":1,"featured_media":0,"parent":0,"menu_order":0,"comment_status":"closed","ping_status":"closed","template":"","meta":{"_seopress_robots_primary_cat":"","_seopress_titles_title":"Hotel Pet Friendly a Firenze Centro - Hotel Nizza","_seopress_titles_desc":"Hotel Nizza a Firenze, pet friendly. Camere per cani e gatti vicino al Duomo. Passeggiate nel centro storico e parchi. Prenota ora senza costi aggiuntivi!","_seopress_robots_index":"","footnotes":""},"class_list":["post-238","page","type-page","status-publish","hentry"],"_links":{"self":[{"href":"https:\/\/hotelnizza.com\/de\/wp-json\/wp\/v2\/pages\/238","targetHints":{"allow":["GET"]}}],"collection":[{"href":"https:\/\/hotelnizza.com\/de\/wp-json\/wp\/v2\/pages"}],"about":[{"href":"https:\/\/hotelnizza.com\/de\/wp-json\/wp\/v2\/types\/page"}],"author":[{"embeddable":true,"href":"https:\/\/hotelnizza.com\/de\/wp-json\/wp\/v2\/users\/1"}],"replies":[{"embeddable":true,"href":"https:\/\/hotelnizza.com\/de\/wp-json\/wp\/v2\/comments?post=238"}],"version-history":[{"count":5,"href":"https:\/\/hotelnizza.com\/de\/wp-json\/wp\/v2\/pages\/238\/revisions"}],"predecessor-version":[{"id":698,"href":"https:\/\/hotelnizza.com\/de\/wp-json\/wp\/v2\/pages\/238\/revisions\/698"}],"wp:attachment":[{"href":"https:\/\/hotelnizza.com\/de\/wp-json\/wp\/v2\/media?parent=238"}],"curies":[{"name":"wp","href":"https:\/\/api.w.org\/{rel}","templated":true}]}}