{"id":225,"date":"2023-02-14T17:07:10","date_gmt":"2023-02-14T17:07:10","guid":{"rendered":"https:\/\/hotelnizza.com\/?page_id=225"},"modified":"2024-08-28T20:50:05","modified_gmt":"2024-08-28T20:50:05","slug":"gay-friendly-hotel-florence-center","status":"publish","type":"page","link":"https:\/\/hotelnizza.com\/de\/hotel-gay-friendly-firenze-centro\/","title":{"rendered":"Homosexuell freundliches Hotel Florenz Zentrum"},"content":{"rendered":"<div data-elementor-type=\"wp-page\" data-elementor-id=\"225\" class=\"elementor elementor-225\" data-elementor-post-type=\"page\">\n\t\t\t\t\t\t<section class=\"elementor-section elementor-top-section elementor-element elementor-element-957c3f0 elementor-section-height-min-height elementor-section-boxed elementor-section-height-default elementor-section-items-middle\" data-id=\"957c3f0\" data-element_type=\"section\" data-e-type=\"section\" data-settings=\"{&quot;background_background&quot;:&quot;classic&quot;}\">\n\t\t\t\t\t\t\t<div class=\"elementor-background-overlay\"><\/div>\n\t\t\t\t\t\t\t<div class=\"elementor-container elementor-column-gap-default\">\n\t\t\t\t\t<div class=\"elementor-column elementor-col-100 elementor-top-column elementor-element elementor-element-b8e6932\" data-id=\"b8e6932\" data-element_type=\"column\" data-e-type=\"column\">\n\t\t\t<div class=\"elementor-widget-wrap elementor-element-populated\">\n\t\t\t\t\t\t<div class=\"elementor-element elementor-element-7df94aa elementor-invisible elementor-widget elementor-widget-heading\" data-id=\"7df94aa\" data-element_type=\"widget\" data-e-type=\"widget\" data-settings=\"{&quot;_animation&quot;:&quot;fadeInUp&quot;}\" data-widget_type=\"heading.default\">\n\t\t\t\t<div class=\"elementor-widget-container\">\n\t\t\t\t\t<h5 class=\"elementor-heading-title elementor-size-default\">Homosexuell freundliches Hotel Florenz Zentrum<\/h5>\t\t\t\t<\/div>\n\t\t\t\t<\/div>\n\t\t\t\t<div class=\"elementor-element elementor-element-d35bcc2 elementor-widget-divider--view-line elementor-invisible elementor-widget elementor-widget-divider\" data-id=\"d35bcc2\" data-element_type=\"widget\" data-e-type=\"widget\" data-settings=\"{&quot;_animation&quot;:&quot;fadeInUp&quot;}\" data-widget_type=\"divider.default\">\n\t\t\t\t<div class=\"elementor-widget-container\">\n\t\t\t\t\t\t\t<div class=\"elementor-divider\">\n\t\t\t<span class=\"elementor-divider-separator\">\n\t\t\t\t\t\t<\/span>\n\t\t<\/div>\n\t\t\t\t\t\t<\/div>\n\t\t\t\t<\/div>\n\t\t\t\t\t<\/div>\n\t\t<\/div>\n\t\t\t\t\t<\/div>\n\t\t<\/section>\n\t\t\t\t<section class=\"elementor-section elementor-top-section elementor-element elementor-element-2ce74ba elementor-section-boxed elementor-section-height-default elementor-section-height-default\" data-id=\"2ce74ba\" data-element_type=\"section\" data-e-type=\"section\">\n\t\t\t\t\t\t<div class=\"elementor-container elementor-column-gap-default\">\n\t\t\t\t\t<div class=\"elementor-column elementor-col-100 elementor-top-column elementor-element elementor-element-176cb91\" data-id=\"176cb91\" data-element_type=\"column\" data-e-type=\"column\">\n\t\t\t<div class=\"elementor-widget-wrap elementor-element-populated\">\n\t\t\t\t\t\t<div class=\"elementor-element elementor-element-f2fbc0f elementor-invisible elementor-widget elementor-widget-text-editor\" data-id=\"f2fbc0f\" data-element_type=\"widget\" data-e-type=\"widget\" data-settings=\"{&quot;_animation&quot;:&quot;fadeInRight&quot;,&quot;_animation_mobile&quot;:&quot;none&quot;}\" data-widget_type=\"text-editor.default\">\n\t\t\t\t<div class=\"elementor-widget-container\">\n\t\t\t\t\t\t\t\t\t<div class=\"main-container container\"><div class=\"row\"><section class=\"col-sm-12\"><div class=\"region region-content\"><section id=\"block-system-main\" class=\"block block-system clearfix\"><div class=\"block-content\"><article id=\"node-125\" class=\"node node-page clearfix\"><div class=\"field field-name-body field-type-text-with-summary field-label-hidden\"><div class=\"field-items\"><div class=\"field-item even\"><p><strong>Hotels in Nizza<\/strong>\u00a0Angebote<strong>\u00a0schwulenfreundliches Ambiente und Zimmer im typischen florentinischen Stil<\/strong>in einer vertrauten und diskreten Umgebung,<strong>\u00a0im Zentrum von Florenz<\/strong>einen Katzensprung von der\u00a0<strong>Kathedrale\u00a0<\/strong>und sehr bequem zu erreichen f\u00fcr diejenigen<strong>\u00a0<\/strong>ist\u00a0<strong>mit dem Zug nach Florenz<\/strong>\u00a0(wir sind nur wenige Gehminuten von der\u00a0<strong>Bahnhof Santa Maria Novella<\/strong>). In jeder Ecke des Hotels Nizza atmet man den\u00a0<strong>Geschichte von Florenz<\/strong>Unsere Zimmer wurden unter sorgf\u00e4ltiger Ber\u00fccksichtigung der Originalmaterialien und -farben des Hauses entworfen und eingerichtet.<strong>\u00a0Toskanische Tradition<\/strong>Die M\u00f6bel sind aus Nussbaumholz, die B\u00f6den aus Terrakotta und die Oberfl\u00e4chen aus Pietra Serena, Schmiedeeisen, Gusseisen und Messing.<\/p><p><strong>Ger\u00e4umige und komfortable Zimmer<\/strong>elegante, warme Farben und Einrichtungsgegenst\u00e4nde,<strong>\u00a0romantische und entspannte Atmosph\u00e4re<\/strong>Ausgestattet mit hochwertigen Annehmlichkeiten und Dienstleistungen wie Tee- und Kaffeekocher, Satellitenfernsehen, kostenlosem WLAN: Unsere Zimmer sind\u00a0<strong>schalldicht<\/strong>ein Merkmal, das sowohl von normalen G\u00e4sten als auch von G\u00e4sten aus dem Ausland gesch\u00e4tzt wird\u00a0<strong>Homosexuelle im Urlaub in Florenz<\/strong>!<\/p><p><strong>Florenz\u00a0<\/strong>war schon immer ein\u00a0<strong>offene, freundliche und einladende Stadt<\/strong>\u00a0f\u00fcr alle seine homosexuellen Besucher und G\u00e4ste. A\u00a0<strong>Homosexuell freundliches Hotel Florenz Zentrum<\/strong>\u00a0wie das Hotel Nizza eine<strong>einzigartige Erfahrung<\/strong>\u00a0intensiv gelebt werden: Wir freuen uns auf alle\u00a0<strong>schwule und lesbische Paare<\/strong>\u00a0um ihre\u00a0<strong>Aufenthalt in Florenz<\/strong>!<\/p><p><a href=\"https:\/\/reservations.verticalbooking.com\/reservation_hotel_start.htm?id_stile=9679&amp;headvar=ok&amp;lingua_int=ita&amp;id_albergo=13124&amp;dc=7436\">Buchen Sie<\/a>\u00a0o\u00a0<a href=\"https:\/\/hotelnizza.com\/de\/kontakte\/\" rel=\"nofollow\">Infos anfordern<\/a><\/p><\/div><\/div><\/div><\/article><\/div><\/section><\/div><\/section><\/div><\/div>\t\t\t\t\t\t\t\t<\/div>\n\t\t\t\t<\/div>\n\t\t\t\t\t<\/div>\n\t\t<\/div>\n\t\t\t\t\t<\/div>\n\t\t<\/section>\n\t\t\t\t<\/div>","protected":false},"excerpt":{"rendered":"<p>Hotel Gay Friendly Firenze Centro Hotel Nizza\u00a0offre\u00a0ambienti e camere gay friendly in tipico stile fiorentino, in un contesto familiare e discreto,\u00a0in pieno centro a Firenze, a due passi dal\u00a0Duomo\u00a0e comodissimo da raggiungere per chi\u00a0viene\u00a0a Firenze in treno\u00a0(siamo pochi minuti a piedi dalla\u00a0Stazione di Santa Maria Novella). In ogni angolo dell&#8217;Hotel Nizza si respira la\u00a0storia di [&hellip;]<\/p>\n","protected":false},"author":1,"featured_media":0,"parent":0,"menu_order":0,"comment_status":"closed","ping_status":"closed","template":"","meta":{"_seopress_robots_primary_cat":"","_seopress_titles_title":"Hotel Gay Friendly a Firenze Centro - Hotel Nizza","_seopress_titles_desc":"Hotel Nizza, gay friendly a Firenze centro. Camere accoglienti e discrezione totale. Vicino al Duomo e alla stazione di Santa Maria Novella. Prenota ora!","_seopress_robots_index":"","footnotes":""},"class_list":["post-225","page","type-page","status-publish","hentry"],"_links":{"self":[{"href":"https:\/\/hotelnizza.com\/de\/wp-json\/wp\/v2\/pages\/225","targetHints":{"allow":["GET"]}}],"collection":[{"href":"https:\/\/hotelnizza.com\/de\/wp-json\/wp\/v2\/pages"}],"about":[{"href":"https:\/\/hotelnizza.com\/de\/wp-json\/wp\/v2\/types\/page"}],"author":[{"embeddable":true,"href":"https:\/\/hotelnizza.com\/de\/wp-json\/wp\/v2\/users\/1"}],"replies":[{"embeddable":true,"href":"https:\/\/hotelnizza.com\/de\/wp-json\/wp\/v2\/comments?post=225"}],"version-history":[{"count":5,"href":"https:\/\/hotelnizza.com\/de\/wp-json\/wp\/v2\/pages\/225\/revisions"}],"predecessor-version":[{"id":714,"href":"https:\/\/hotelnizza.com\/de\/wp-json\/wp\/v2\/pages\/225\/revisions\/714"}],"wp:attachment":[{"href":"https:\/\/hotelnizza.com\/de\/wp-json\/wp\/v2\/media?parent=225"}],"curies":[{"name":"wp","href":"https:\/\/api.w.org\/{rel}","templated":true}]}}